{"id":46,"date":"2013-07-03T08:41:56","date_gmt":"2013-07-03T07:41:56","guid":{"rendered":"http:\/\/geo.metzmetropole.fr\/blog\/?page_id=46"},"modified":"2023-11-24T09:33:30","modified_gmt":"2023-11-24T08:33:30","slug":"mentions-legales","status":"publish","type":"page","link":"https:\/\/geo.metzmetropole.fr\/blog\/?page_id=46","title":{"rendered":"Mentions l\u00e9gales"},"content":{"rendered":"<p><center><b>G\u00e9oMetzM\u00e9tropole<\/b> est un site officiel de<\/center><\/p>\n<p style=\"text-align: center;\"><a title=\"Metz M\u00e9tropole\" href=\"https:\/\/geo.metzmetropole.fr\/blog\/wp-content\/uploads\/2021\/09\/Logo-Eurometropole-metz.png\" target=\"_blank\" rel=\"noopener\"><img loading=\"lazy\" decoding=\"async\" class=\"alignnone wp-image-256\" style=\"margin-top: 5px; margin-bottom: 5px;\" src=\"https:\/\/geo.metzmetropole.fr\/blog\/wp-content\/uploads\/2021\/09\/Logo-Eurometropole-metz.png\" alt=\"\" width=\"200\" height=\"78\" srcset=\"https:\/\/geo.metzmetropole.fr\/blog\/wp-content\/uploads\/2021\/09\/Logo-Eurometropole-metz.png 1368w, https:\/\/geo.metzmetropole.fr\/blog\/wp-content\/uploads\/2021\/09\/Logo-Eurometropole-metz-300x117.png 300w, https:\/\/geo.metzmetropole.fr\/blog\/wp-content\/uploads\/2021\/09\/Logo-Eurometropole-metz-800x312.png 800w, https:\/\/geo.metzmetropole.fr\/blog\/wp-content\/uploads\/2021\/09\/Logo-Eurometropole-metz-768x299.png 768w\" sizes=\"(max-width: 200px) 100vw, 200px\" \/><\/a><\/p>\n<p style=\"text-align: center;\">1 place du Parlement de Metz<br \/>\nCS 30 353<br \/>\n57011 Metz cedex 1<\/p>\n<h3>Informations \u00e9ditoriales<\/h3>\n<p><span style=\"text-decoration: underline;\">Directeur de la publication du site<br \/>\n<\/span>Monsieur Fran\u00e7ois GROSDIDIER, Pr\u00e9sident de Eurom\u00e9tropole de Metz<\/p>\n<p><span style=\"text-decoration: underline;\">Conception, r\u00e9alisation et maintenance du site<br \/>\n<\/span>Service SIG \u2013 Direction Commune des Syst\u00e8mes d\u2019Information \u2013 Eurom\u00e9tropole de Metz<\/p>\n<p><span style=\"text-decoration: underline;\">Prestataire assurant le stockage direct et permanent<\/span><br \/>\nEurom\u00e9tropole de Metz\u2013 Direction des Syst\u00e8mes d\u2019Information<br \/>\n1 place du Parlement de Metz<br \/>\nCS 30 353 \u2013 57011 Metz cedex 1<br \/>\nT\u00e9l : 03 87 20 10 00<\/p>\n<h3>Informatique et Libert\u00e9s<\/h3>\n<p><span style=\"text-decoration: underline;\">D\u00e9claration CNIL<br \/>\n<\/span>Le site internet G\u00e9oMetzM\u00e9tropole de Eurom\u00e9tropole de Metz est un site institutionnel \u00e0 but d&rsquo;information et de communication externe. Il respecte les r\u00e8gles pr\u00e9vues dans la dispense de d\u00e9claration n\u00b07 adopt\u00e9e par la CNIL.<br \/>\nLe Syst\u00e8me d&rsquo;Information G\u00e9ographique dont sont extraites les donn\u00e9es, est conforme \u00e0 l&rsquo;autorisation unique AU001 de la CNIL.<\/p>\n<p><span style=\"text-decoration: underline;\">Politique de confidentialit\u00e9 et protection des donn\u00e9es personnelles<br \/>\n<\/span>Conform\u00e9ment \u00e0 l\u2019article 27 de la loi Informatique et Libert\u00e9s du 6 janvier 1978 modifi\u00e9e, l\u2019utilisateur dispose d\u2019un droit d\u2019acc\u00e8s et de rectification portant sur les donn\u00e9es le concernant, en s\u2019adressant \u00e0 :<\/p>\n<p style=\"text-align: left;\">Eurom\u00e9tropole de Metz<br \/>\nA l&rsquo;attention du DPO, Administration G\u00e9n\u00e9rale<br \/>\n1 place du Parlement de Metz<br \/>\nCS 30 353 \u2013 57011 Metz cedex 1<br \/>\nT\u00e9l : 03 87 20 10 00<br \/>\nAdresse de messagerie :\u00a0<a href=\"mailto:dpo@eurometropolemetz.eu\">dpo@eurometropolemetz.eu<\/a><\/p>\n<p><u>Mention CNIL ville de Metz<br \/>\n<\/u>Les informations recueillies par Eurom\u00e9tropole de Metz pour le compte de la Ville de Metz font \u00a0l\u2019objet d\u2019un traitement informatique destin\u00e9 \u00e0 mieux g\u00e9rer les donn\u00e9es cadastrales\u00a0 de la Ville de Metz. Le traitement est conforme \u00e0 l\u2019autorisation unique AU 001 \u2013 D\u00e9lib\u00e9ration de la CNIL n\u00b0 2012-087 du 29 mars 2012. Les informations enregistr\u00e9es sont r\u00e9serv\u00e9es \u00e0 l\u2019usage des services de la Ville de Metz , de Eurom\u00e9tropole de Metz et des autorit\u00e9s comp\u00e9tentes.<\/p>\n<h3>Droits d&rsquo;auteur et propri\u00e9t\u00e9s intellectuelles<\/h3>\n<p>Le pr\u00e9sent site constitue une \u0153uvre dont \u00ab\u00a0Eurom\u00e9tropole de Metz\u00a0\u00bb est l\u2019auteur au sens des articles L.111.1 et suivants du Code de la Propri\u00e9t\u00e9 Intellectuelle.<\/p>\n<p>Les photographies, textes, slogans, dessins, images, s\u00e9quences anim\u00e9es et sonores ou non, ainsi que toutes \u0153uvres int\u00e9gr\u00e9s dans le site sont la propri\u00e9t\u00e9 de \u00ab\u00a0Eurom\u00e9tropole de Metz\u00a0\u00bb ou de tiers ayant autoris\u00e9 \u00ab\u00a0Eurom\u00e9tropole de Metz\u00a0\u00bb \u00e0 les utiliser. Tous droits de reproduction r\u00e9serv\u00e9s pour tous pays sous quelque proc\u00e9d\u00e9 que ce soit, pour l&rsquo;ensemble du contenu de toutes les pages de ce site (textes, photos, sons et vid\u00e9os, &#8230; ).<\/p>\n","protected":false},"excerpt":{"rendered":"<p>G\u00e9oMetzM\u00e9tropole est un site officiel de 1 place du Parlement de Metz CS 30 353 57011 Metz cedex 1 Informations \u00e9ditoriales Directeur de la publication du site Monsieur Fran\u00e7ois GROSDIDIER, Pr\u00e9sident de Eurom\u00e9tropole de Metz Conception, r\u00e9alisation et maintenance du site Service SIG \u2013 Direction Commune des Syst\u00e8mes d\u2019Information \u2013 Eurom\u00e9tropole de Metz Prestataire assurant [&hellip;]<\/p>\n","protected":false},"author":1,"featured_media":0,"parent":0,"menu_order":1,"comment_status":"closed","ping_status":"open","template":"","meta":{"footnotes":""},"class_list":["post-46","page","type-page","status-publish","hentry"],"_links":{"self":[{"href":"https:\/\/geo.metzmetropole.fr\/blog\/index.php?rest_route=\/wp\/v2\/pages\/46"}],"collection":[{"href":"https:\/\/geo.metzmetropole.fr\/blog\/index.php?rest_route=\/wp\/v2\/pages"}],"about":[{"href":"https:\/\/geo.metzmetropole.fr\/blog\/index.php?rest_route=\/wp\/v2\/types\/page"}],"author":[{"embeddable":true,"href":"https:\/\/geo.metzmetropole.fr\/blog\/index.php?rest_route=\/wp\/v2\/users\/1"}],"replies":[{"embeddable":true,"href":"https:\/\/geo.metzmetropole.fr\/blog\/index.php?rest_route=%2Fwp%2Fv2%2Fcomments&post=46"}],"version-history":[{"count":33,"href":"https:\/\/geo.metzmetropole.fr\/blog\/index.php?rest_route=\/wp\/v2\/pages\/46\/revisions"}],"predecessor-version":[{"id":288,"href":"https:\/\/geo.metzmetropole.fr\/blog\/index.php?rest_route=\/wp\/v2\/pages\/46\/revisions\/288"}],"wp:attachment":[{"href":"https:\/\/geo.metzmetropole.fr\/blog\/index.php?rest_route=%2Fwp%2Fv2%2Fmedia&parent=46"}],"curies":[{"name":"wp","href":"https:\/\/api.w.org\/{rel}","templated":true}]}}