{"id":64,"date":"2013-07-03T09:02:23","date_gmt":"2013-07-03T08:02:23","guid":{"rendered":"http:\/\/geo.metzmetropole.fr\/blog\/?page_id=64"},"modified":"2021-09-30T00:46:01","modified_gmt":"2021-09-29T23:46:01","slug":"conditions-dutilisation","status":"publish","type":"page","link":"https:\/\/geo.metzmetropole.fr\/blog\/?page_id=64","title":{"rendered":"Conditions d&rsquo;utilisation"},"content":{"rendered":"<h3>G\u00e9n\u00e9ralit\u00e9s<\/h3>\n<p>G\u00e9oMetzM\u00e9tropole (ci-apr\u00e8s d\u00e9nomm\u00e9 \u00ab le Service \u00bb) est un site mis en \u0153uvre par Eurom\u00e9tropole de Metz contribuant \u00e0 informer les usagers.<\/p>\n<p>Les pr\u00e9sentes conditions d&rsquo;utilisations r\u00e9gissent l\u2019acc\u00e8s \u00e0 l&rsquo;ensemble des donn\u00e9es et services propos\u00e9s par Eurom\u00e9tropole de Metz sur le site G\u00e9oMetzM\u00e9tropole.<\/p>\n<p>L\u2019utilisation de ce Service, des donn\u00e9es ou des services associ\u00e9s vaut acceptation pleine et enti\u00e8re de ces conditions.<\/p>\n<h3>Donn\u00e9es<\/h3>\n<p>Les donn\u00e9es num\u00e9riques et cartographiques affich\u00e9es dans G\u00e9oMetzM\u00e9tropole sont la propri\u00e9t\u00e9 de Eurom\u00e9tropole de Metz, des communes de Eurom\u00e9tropole de Metz ou de partenaires de Eurom\u00e9tropole de Metz ayant c\u00e9d\u00e9 les droits d&rsquo;utilisation, pr\u00e9sentation et reproduction \u00e0 Eurom\u00e9tropole de Metz.<\/p>\n<p>Toute reproduction de ces informations, sans accord pr\u00e9alable de Eurom\u00e9tropole de Metz, des communes de Eurom\u00e9tropole de Metz ou des partenaires de Eurom\u00e9tropole de Metz, est strictement interdite.<\/p>\n<p>Les donn\u00e9es sont propos\u00e9es \u00e0 titre informatif et ne sont ni contractuelles, ni exhaustives et ne repr\u00e9sentent en aucun cas une traduction compl\u00e8te des donn\u00e9es d\u00e9tenues par les services de Eurom\u00e9tropole de Metz, les communes de Eurom\u00e9tropole de Metz ou les partenaires de Eurom\u00e9tropole de Metz. Les informations ainsi mises \u00e0 disposition du public ne sont pas opposables aux tiers et ne peuvent en aucune fa\u00e7on cr\u00e9er des droits.<\/p>\n<p>Pour toute demande de pr\u00e9cision, vous pouvez vous adresser \u00e0 :<\/p>\n<p>Eurom\u00e9tropole de Metz<br \/>\n1 place du Parlement de Metz<br \/>\nCS 30 353 \u2013 57011 Metz cedex 1<br \/>\nT\u00e9l : 03 87 20 10 00<\/p>\n<h3>Disponibilit\u00e9 et \u00e9volution du Service<\/h3>\n<p>Le Service est disponible 7 jours sur 7, 24h sur 24h. Eurom\u00e9tropole de Metz se r\u00e9serve toutefois la facult\u00e9 de faire \u00e9voluer, de modifier ou de suspendre, sans pr\u00e9avis, le Service pour des raisons de maintenance ou pour tout autre motif jug\u00e9 n\u00e9cessaire. L\u2019indisponibilit\u00e9 du Service ne donne droit \u00e0 aucune indemnit\u00e9. Une page d\u2019information est alors affich\u00e9e \u00e0 l\u2019usager lui mentionnant cette indisponibilit\u00e9.<\/p>\n<p>Les termes des pr\u00e9sentes conditions d\u2019utilisation peuvent \u00eatre amend\u00e9s \u00e0 tout moment, sans pr\u00e9avis, en fonction des modifications apport\u00e9es au Service, de l\u2019\u00e9volution de la l\u00e9gislation ou pour tout autre motif jug\u00e9 n\u00e9cessaire. Il appartient \u00e0 l\u2019usager de s\u2019informer des conditions d\u2019utilisation du Service en vigueur.<\/p>\n","protected":false},"excerpt":{"rendered":"<p>G\u00e9n\u00e9ralit\u00e9s G\u00e9oMetzM\u00e9tropole (ci-apr\u00e8s d\u00e9nomm\u00e9 \u00ab le Service \u00bb) est un site mis en \u0153uvre par Eurom\u00e9tropole de Metz contribuant \u00e0 informer les usagers. Les pr\u00e9sentes conditions d&rsquo;utilisations r\u00e9gissent l\u2019acc\u00e8s \u00e0 l&rsquo;ensemble des donn\u00e9es et services propos\u00e9s par Eurom\u00e9tropole de Metz sur le site G\u00e9oMetzM\u00e9tropole. L\u2019utilisation de ce Service, des donn\u00e9es ou des services associ\u00e9s vaut [&hellip;]<\/p>\n","protected":false},"author":1,"featured_media":0,"parent":0,"menu_order":2,"comment_status":"closed","ping_status":"open","template":"","meta":{"footnotes":""},"class_list":["post-64","page","type-page","status-publish","hentry"],"_links":{"self":[{"href":"https:\/\/geo.metzmetropole.fr\/blog\/index.php?rest_route=\/wp\/v2\/pages\/64"}],"collection":[{"href":"https:\/\/geo.metzmetropole.fr\/blog\/index.php?rest_route=\/wp\/v2\/pages"}],"about":[{"href":"https:\/\/geo.metzmetropole.fr\/blog\/index.php?rest_route=\/wp\/v2\/types\/page"}],"author":[{"embeddable":true,"href":"https:\/\/geo.metzmetropole.fr\/blog\/index.php?rest_route=\/wp\/v2\/users\/1"}],"replies":[{"embeddable":true,"href":"https:\/\/geo.metzmetropole.fr\/blog\/index.php?rest_route=%2Fwp%2Fv2%2Fcomments&post=64"}],"version-history":[{"count":5,"href":"https:\/\/geo.metzmetropole.fr\/blog\/index.php?rest_route=\/wp\/v2\/pages\/64\/revisions"}],"predecessor-version":[{"id":263,"href":"https:\/\/geo.metzmetropole.fr\/blog\/index.php?rest_route=\/wp\/v2\/pages\/64\/revisions\/263"}],"wp:attachment":[{"href":"https:\/\/geo.metzmetropole.fr\/blog\/index.php?rest_route=%2Fwp%2Fv2%2Fmedia&parent=64"}],"curies":[{"name":"wp","href":"https:\/\/api.w.org\/{rel}","templated":true}]}}